{"id":2088,"date":"2025-10-23T18:20:33","date_gmt":"2025-10-23T23:20:33","guid":{"rendered":"https:\/\/colvapor.com\/colvapor_new\/?page_id=2088"},"modified":"2025-10-23T18:27:48","modified_gmt":"2025-10-23T23:27:48","slug":"proyectos-mro","status":"publish","type":"page","link":"https:\/\/colvapor.com\/colvapor_new\/proyectos-mro\/","title":{"rendered":"PROYECTOS\/MRO"},"content":{"rendered":"\n<div class=\"wp-block-group alignfull is-layout-constrained wp-container-core-group-is-layout-e220c6fd wp-block-group-is-layout-constrained\" style=\"margin-top:0;margin-bottom:0;padding-top:calc( 0.5 * var(--wp--style--root--padding-right, var(--wp--custom--gap--horizontal)));padding-right:var(--wp--style--root--padding-right, var(--wp--custom--gap--horizontal));padding-bottom:calc( 0.5 * var(--wp--style--root--padding-right, var(--wp--custom--gap--horizontal)));padding-left:var(--wp--style--root--padding-left, var(--wp--custom--gap--horizontal))\">\n<div style=\"height:calc( 0.25 * var(--wp--style--root--padding-right, var(--wp--custom--gap--horizontal)))\" aria-hidden=\"true\" class=\"wp-block-spacer\"><\/div>\n\n\n\n<div style=\"height:calc( 0.25 * var(--wp--style--root--padding-right, var(--wp--custom--gap--horizontal)))\" aria-hidden=\"true\" class=\"wp-block-spacer\"><\/div>\n\n\n\n<div class=\"wp-block-columns alignwide are-vertically-aligned-top is-layout-flex wp-container-core-columns-is-layout-5ae6d862 wp-block-columns-is-layout-flex\" style=\"padding-top:0;padding-bottom:0\">\n<div class=\"wp-block-column is-vertically-aligned-top is-layout-flow wp-block-column-is-layout-flow\">\n<h2 class=\"wp-block-heading\">PROYECTOS<\/h2>\n\n\n\n<ul class=\"wp-block-list\">\n<li>Apoyo t\u00e9cnico en la identificaci\u00f3n y selecci\u00f3n de productos y materiales desde las etapas iniciales de sus proyectos<\/li>\n\n\n\n<li>B\u00fasqueda y definici\u00f3n de proveedores que cumplan con las especificaciones requeridas y hagan parte de los vendor list de nuestros clientes.<\/li>\n\n\n\n<li>Fabricantes que garantizan calidad, tiempos de entrega adecuados y buenos precios.<\/li>\n\n\n\n<li>Acuerdos de Precios que permitan a nuestros clientes controlar sus costos de inversi\u00f3n.<\/li>\n\n\n\n<li>Gesti\u00f3n de Fabricaci\u00f3n de productos con especificaciones especiales<\/li>\n\n\n\n<li>T\u00e9rminos de entrega flexibles que se ajustan a las necesidades de cada proyecto (Ej. EXW)<\/li>\n\n\n\n<li>Sistemas de informaci\u00f3n enfocados al servicio al cliente para el control de la venta; compra; logistica; despacho y servicio pos venta.<br><\/li>\n<\/ul>\n\n\n\n<h2 class=\"wp-block-heading\">MANTENIMIENTO (MRO)<\/h2>\n\n\n\n<ul class=\"wp-block-list\">\n<li>Apoyo t\u00e9cnico en la identificaci\u00f3n y selecci\u00f3n de productos y materiales que requieran ser actualizados.<\/li>\n\n\n\n<li>Inventario local para suministro r\u00e1pido y oportuno de materiales<\/li>\n\n\n\n<li>Acuerdos de Suministro que permitan a nuestros clientes garantizar que el flujo de tiempos en el desarrollo de sus productos este en sinton\u00eda con el suministro de los materiales requeridos.<\/li>\n\n\n\n<li>Facilidad y agilidad de cotizaci\u00f3n y compra.<\/li>\n\n\n\n<li>Personal capacitado para brindar asesor\u00eda en cambios; homologaci\u00f3n; alternativas.<\/li>\n<\/ul>\n<\/div>\n\n\n\n<div class=\"wp-block-column is-vertically-aligned-top is-layout-flow wp-block-column-is-layout-flow\">\n<figure class=\"wp-block-image size-full is-resized has-custom-border is-style-rounded\" style=\"margin-top:0;margin-right:0;margin-bottom:0;margin-left:0\"><img decoding=\"async\" src=\"https:\/\/colvapor.com\/colvapor_new\/wp-content\/uploads\/2025\/10\/proyectos.jpg\" alt=\"proyectos\" class=\"wp-image-2093\" style=\"border-style:none;border-width:0px;border-radius:0em;aspect-ratio:1;object-fit:contain;width:509px;height:auto\" title=\"PROYECTOS\/MRO\"><\/figure>\n\n\n\n<figure class=\"wp-block-image size-full is-resized has-custom-border is-style-rounded\" style=\"margin-top:0;margin-right:0;margin-bottom:0;margin-left:0\"><img loading=\"lazy\" decoding=\"async\" width=\"2560\" height=\"1707\" src=\"https:\/\/colvapor.com\/colvapor_new\/wp-content\/uploads\/2025\/10\/mantenimieno-scaled.jpg\" alt=\"mantenimieno\" class=\"wp-image-2089\" style=\"border-style:none;border-width:0px;border-radius:0em;aspect-ratio:1;object-fit:cover;width:513px;height:auto\" title=\"PROYECTOS\/MRO\" srcset=\"https:\/\/colvapor.com\/colvapor_new\/wp-content\/uploads\/2025\/10\/mantenimieno-scaled.jpg 2560w, https:\/\/colvapor.com\/colvapor_new\/wp-content\/uploads\/2025\/10\/mantenimieno-300x200.jpg 300w, https:\/\/colvapor.com\/colvapor_new\/wp-content\/uploads\/2025\/10\/mantenimieno-1024x683.jpg 1024w, https:\/\/colvapor.com\/colvapor_new\/wp-content\/uploads\/2025\/10\/mantenimieno-768x512.jpg 768w, https:\/\/colvapor.com\/colvapor_new\/wp-content\/uploads\/2025\/10\/mantenimieno-1536x1024.jpg 1536w, https:\/\/colvapor.com\/colvapor_new\/wp-content\/uploads\/2025\/10\/mantenimieno-2048x1365.jpg 2048w, https:\/\/colvapor.com\/colvapor_new\/wp-content\/uploads\/2025\/10\/mantenimieno-600x400.jpg 600w\" sizes=\"auto, (max-width: 2560px) 100vw, 2560px\" \/><\/figure>\n<\/div>\n<\/div>\n\n\n\n<div style=\"height:calc( 0.25 * var(--wp--style--root--padding-right, var(--wp--custom--gap--horizontal)))\" aria-hidden=\"true\" class=\"wp-block-spacer\"><\/div>\n<\/div>\n\n\n\n<p><\/p>\n","protected":false},"excerpt":{"rendered":"<p>PROYECTOS MANTENIMIENTO (MRO)<\/p>\n","protected":false},"author":1,"featured_media":0,"parent":0,"menu_order":0,"comment_status":"closed","ping_status":"closed","template":"","meta":{"site-sidebar-layout":"default","site-content-layout":"","ast-site-content-layout":"normal-width-container","site-content-style":"default","site-sidebar-style":"default","ast-global-header-display":"","ast-banner-title-visibility":"","ast-main-header-display":"","ast-hfb-above-header-display":"","ast-hfb-below-header-display":"","ast-hfb-mobile-header-display":"","site-post-title":"disabled","ast-breadcrumbs-content":"","ast-featured-img":"","footer-sml-layout":"","ast-disable-related-posts":"","theme-transparent-header-meta":"","adv-header-id-meta":"","stick-header-meta":"","header-above-stick-meta":"","header-main-stick-meta":"","header-below-stick-meta":"","astra-migrate-meta-layouts":"default","ast-page-background-enabled":"default","ast-page-background-meta":{"desktop":{"background-color":"var(--ast-global-color-5)","background-image":"","background-repeat":"repeat","background-position":"center center","background-size":"auto","background-attachment":"scroll","background-type":"","background-media":"","overlay-type":"","overlay-color":"","overlay-opacity":"","overlay-gradient":""},"tablet":{"background-color":"","background-image":"","background-repeat":"repeat","background-position":"center center","background-size":"auto","background-attachment":"scroll","background-type":"","background-media":"","overlay-type":"","overlay-color":"","overlay-opacity":"","overlay-gradient":""},"mobile":{"background-color":"","background-image":"","background-repeat":"repeat","background-position":"center center","background-size":"auto","background-attachment":"scroll","background-type":"","background-media":"","overlay-type":"","overlay-color":"","overlay-opacity":"","overlay-gradient":""}},"ast-content-background-meta":{"desktop":{"background-color":"var(--ast-global-color-4)","background-image":"","background-repeat":"repeat","background-position":"center center","background-size":"auto","background-attachment":"scroll","background-type":"","background-media":"","overlay-type":"","overlay-color":"","overlay-opacity":"","overlay-gradient":""},"tablet":{"background-color":"var(--ast-global-color-4)","background-image":"","background-repeat":"repeat","background-position":"center center","background-size":"auto","background-attachment":"scroll","background-type":"","background-media":"","overlay-type":"","overlay-color":"","overlay-opacity":"","overlay-gradient":""},"mobile":{"background-color":"var(--ast-global-color-4)","background-image":"","background-repeat":"repeat","background-position":"center center","background-size":"auto","background-attachment":"scroll","background-type":"","background-media":"","overlay-type":"","overlay-color":"","overlay-opacity":"","overlay-gradient":""}},"_joinchat":[],"footnotes":""},"class_list":["post-2088","page","type-page","status-publish","hentry"],"_links":{"self":[{"href":"https:\/\/colvapor.com\/colvapor_new\/wp-json\/wp\/v2\/pages\/2088","targetHints":{"allow":["GET"]}}],"collection":[{"href":"https:\/\/colvapor.com\/colvapor_new\/wp-json\/wp\/v2\/pages"}],"about":[{"href":"https:\/\/colvapor.com\/colvapor_new\/wp-json\/wp\/v2\/types\/page"}],"author":[{"embeddable":true,"href":"https:\/\/colvapor.com\/colvapor_new\/wp-json\/wp\/v2\/users\/1"}],"replies":[{"embeddable":true,"href":"https:\/\/colvapor.com\/colvapor_new\/wp-json\/wp\/v2\/comments?post=2088"}],"version-history":[{"count":4,"href":"https:\/\/colvapor.com\/colvapor_new\/wp-json\/wp\/v2\/pages\/2088\/revisions"}],"predecessor-version":[{"id":2100,"href":"https:\/\/colvapor.com\/colvapor_new\/wp-json\/wp\/v2\/pages\/2088\/revisions\/2100"}],"wp:attachment":[{"href":"https:\/\/colvapor.com\/colvapor_new\/wp-json\/wp\/v2\/media?parent=2088"}],"curies":[{"name":"wp","href":"https:\/\/api.w.org\/{rel}","templated":true}]}}