{"id":1943,"date":"2025-10-22T17:41:47","date_gmt":"2025-10-22T22:41:47","guid":{"rendered":"https:\/\/colvapor.com\/colvapor_new\/?page_id=1943"},"modified":"2025-10-23T17:33:09","modified_gmt":"2025-10-23T22:33:09","slug":"instrumentacion","status":"publish","type":"page","link":"https:\/\/colvapor.com\/colvapor_new\/productos\/instrumentacion\/","title":{"rendered":"PRODUCTOS-INSTRUMENTACI\u00d3N Y CONTROL"},"content":{"rendered":"\n<div class=\"wp-block-columns is-layout-flex wp-container-core-columns-is-layout-eb57ae29 wp-block-columns-is-layout-flex\" style=\"margin-top:0;margin-bottom:0;padding-top:var(--wp--preset--spacing--70);padding-right:0;padding-bottom:var(--wp--preset--spacing--70);padding-left:0\">\n<div class=\"wp-block-column is-layout-flow wp-block-column-is-layout-flow\">\n<div class=\"wp-block-buttons is-content-justification-left is-layout-flex wp-container-core-buttons-is-layout-c20d4b0f wp-block-buttons-is-layout-flex\" style=\"margin-top:0;margin-bottom:0;padding-top:0;padding-right:0;padding-bottom:0;padding-left:0\">\n<div class=\"wp-block-button\"><a class=\"wp-block-button__link has-black-color has-ast-global-color-7-background-color has-text-color has-background has-link-color wp-element-button\" href=\"https:\/\/colvapor.com\/colvapor_new\/productos\/valvulas\/\"><strong>V\u00c1LVULAS<\/strong><\/a><\/div>\n\n\n\n<div class=\"wp-block-button\"><a class=\"wp-block-button__link has-black-color has-ast-global-color-7-background-color has-text-color has-background has-link-color wp-element-button\" href=\"https:\/\/colvapor.com\/colvapor_new\/productos\/tuberias\/\"><strong>TUBER\u00cdAS<\/strong><\/a><\/div>\n\n\n\n<div class=\"wp-block-button\"><a class=\"wp-block-button__link has-black-color has-ast-global-color-7-background-color has-text-color has-background has-link-color wp-element-button\" href=\"https:\/\/colvapor.com\/colvapor_new\/productos\/accesorios\/\"><strong>ACCESORIOS<\/strong><\/a><\/div>\n\n\n\n<div class=\"wp-block-button\"><a class=\"wp-block-button__link has-black-color has-light-green-cyan-background-color has-text-color has-background has-link-color wp-element-button\" href=\"https:\/\/colvapor.com\/colvapor_new\/productos\/instrumentacion\/\"><strong>INTRUMENTACI\u00d3N Y CONTROL<\/strong><\/a><\/div>\n\n\n\n<div class=\"wp-block-button\"><a class=\"wp-block-button__link has-black-color has-ast-global-color-7-background-color has-text-color has-background has-link-color wp-element-button\" href=\"https:\/\/colvapor.com\/colvapor_new\/productos\/corrosion\/\"><strong>CORROSI\u00d3N<\/strong><\/a><\/div>\n<\/div>\n<\/div>\n<\/div>\n\n\n\n<div class=\"wp-block-columns is-layout-flex wp-container-core-columns-is-layout-a9a6eddd wp-block-columns-is-layout-flex\" style=\"padding-top:4px;padding-right:4px;padding-bottom:4px;padding-left:4px\">\n<div class=\"wp-block-column has-border-color has-ast-global-color-7-border-color is-layout-flow wp-block-column-is-layout-flow\" style=\"border-width:1px;padding-top:var(--wp--preset--spacing--20);padding-right:var(--wp--preset--spacing--20);padding-bottom:var(--wp--preset--spacing--20);padding-left:var(--wp--preset--spacing--20)\">\n<pre class=\"wp-block-verse has-text-align-center\" style=\"border-width:1px\"><strong>V\u00c1LVULA DE INSTRUMENTACI\u00d3N<\/strong><br>INSTRUMENTATION VALVE<\/pre>\n\n\n\n<div class=\"wp-block-columns is-layout-flex wp-container-core-columns-is-layout-28f84493 wp-block-columns-is-layout-flex\">\n<div class=\"wp-block-column is-layout-flow wp-block-column-is-layout-flow\">\n<figure class=\"wp-block-image size-full\"><img loading=\"lazy\" decoding=\"async\" width=\"400\" height=\"400\" src=\"https:\/\/colvapor.com\/colvapor_new\/wp-content\/uploads\/2025\/10\/valvulas_instrumentacion.png\" alt=\"valvulas instrumentacion\" class=\"wp-image-1951\" title=\"PRODUCTOS-INSTRUMENTACI\u00d3N Y CONTROL\" srcset=\"https:\/\/colvapor.com\/colvapor_new\/wp-content\/uploads\/2025\/10\/valvulas_instrumentacion.png 400w, https:\/\/colvapor.com\/colvapor_new\/wp-content\/uploads\/2025\/10\/valvulas_instrumentacion-300x300.png 300w, https:\/\/colvapor.com\/colvapor_new\/wp-content\/uploads\/2025\/10\/valvulas_instrumentacion-150x150.png 150w, https:\/\/colvapor.com\/colvapor_new\/wp-content\/uploads\/2025\/10\/valvulas_instrumentacion-100x100.png 100w\" sizes=\"auto, (max-width: 400px) 100vw, 400px\" \/><\/figure>\n<\/div>\n\n\n\n<div class=\"wp-block-column is-layout-flow wp-block-column-is-layout-flow\">\n<pre class=\"wp-block-verse has-ast-global-color-5-background-color has-background has-inter-font-family\" style=\"font-size:14px\"><strong>Usos comunes<\/strong>: <br>Control preciso de flujo en l\u00edneas de proceso.<br>Aislamiento de instrumentos (man\u00f3metros, transmisores).<br>Purga, muestreo o calibraci\u00f3n de sistemas.<br><strong>Caracter\u00edsticas:<\/strong><br><br>1. Tama\u00f1os peque\u00f1os (\u00bc\u201d a 1\u201d).<br>2. Alta precisi\u00f3n y confiabilidad.<br>3. Materiales resistentes a la corrosi\u00f3n (acero inoxidable, monel, hastelloy).<br>4. Conexiones roscadas, de compresi\u00f3n o soldadas.<\/pre>\n<\/div>\n<\/div>\n\n\n\n<pre class=\"wp-block-verse has-ast-global-color-5-background-color has-background has-inter-font-family\" style=\"font-size:14px\"><strong>VARIACIONES<\/strong><br><strong><br><\/strong>V\u00e1lvula de aguja (needle valve): control fino de flujo.<br>V\u00e1lvula de bola miniatura: apertura\/cierre r\u00e1pido.<br>V\u00e1lvula de diafragma: para gases o fluidos corrosivos.<br>V\u00e1lvula manifold: m\u00faltiples v\u00e1lvulas en un solo bloque (usadas con transmisores de presi\u00f3n).<\/pre>\n<\/div>\n\n\n\n<div class=\"wp-block-column has-border-color has-ast-global-color-7-border-color is-layout-flow wp-block-column-is-layout-flow\" style=\"border-width:1px;padding-top:var(--wp--preset--spacing--20);padding-right:var(--wp--preset--spacing--20);padding-bottom:var(--wp--preset--spacing--20);padding-left:var(--wp--preset--spacing--20)\">\n<pre class=\"wp-block-verse has-text-align-center\" style=\"border-width:1px\"><strong>MANOMETRO<\/strong><br>PRESSURE GAUGE<\/pre>\n\n\n\n<div class=\"wp-block-columns is-layout-flex wp-container-core-columns-is-layout-28f84493 wp-block-columns-is-layout-flex\">\n<div class=\"wp-block-column is-layout-flow wp-block-column-is-layout-flow\">\n<figure class=\"wp-block-image size-full\"><img loading=\"lazy\" decoding=\"async\" width=\"400\" height=\"400\" src=\"https:\/\/colvapor.com\/colvapor_new\/wp-content\/uploads\/2025\/10\/manometro.png\" alt=\"manometro\" class=\"wp-image-1948\" title=\"PRODUCTOS-INSTRUMENTACI\u00d3N Y CONTROL\" srcset=\"https:\/\/colvapor.com\/colvapor_new\/wp-content\/uploads\/2025\/10\/manometro.png 400w, https:\/\/colvapor.com\/colvapor_new\/wp-content\/uploads\/2025\/10\/manometro-300x300.png 300w, https:\/\/colvapor.com\/colvapor_new\/wp-content\/uploads\/2025\/10\/manometro-150x150.png 150w, https:\/\/colvapor.com\/colvapor_new\/wp-content\/uploads\/2025\/10\/manometro-100x100.png 100w\" sizes=\"auto, (max-width: 400px) 100vw, 400px\" \/><\/figure>\n<\/div>\n\n\n\n<div class=\"wp-block-column is-layout-flow wp-block-column-is-layout-flow\">\n<pre class=\"wp-block-verse has-ast-global-color-5-background-color has-background has-inter-font-family\" style=\"font-size:14px\"><strong>Usos comunes<\/strong>: <br>Medici\u00f3n de presi\u00f3n en sistemas hidr\u00e1ulicos, neum\u00e1ticos y de proceso.<br>Seguridad y monitoreo.<br><br><strong>Caracter\u00edsticas:<\/strong><br><br>1. Escalas variadas (psi, bar, etc.).<br>2. Car\u00e1tula anal\u00f3gica o digital.<br>3. Relleno de glicerina para amortiguaci\u00f3n.<br><br><br><br><\/pre>\n<\/div>\n<\/div>\n\n\n\n<pre class=\"wp-block-verse has-ast-global-color-5-background-color has-background has-inter-font-family\" style=\"font-size:14px\"><strong>VARIACIONES<\/strong><br><br>Bourdon, diferencial, c\u00e1psula, con glicerina.<\/pre>\n<\/div>\n<\/div>\n\n\n\n<div class=\"wp-block-columns is-layout-flex wp-container-core-columns-is-layout-a9a6eddd wp-block-columns-is-layout-flex\" style=\"padding-top:4px;padding-right:4px;padding-bottom:4px;padding-left:4px\">\n<div class=\"wp-block-column has-border-color has-ast-global-color-7-border-color is-layout-flow wp-block-column-is-layout-flow\" style=\"border-width:1px;padding-top:var(--wp--preset--spacing--20);padding-right:var(--wp--preset--spacing--20);padding-bottom:var(--wp--preset--spacing--20);padding-left:var(--wp--preset--spacing--20)\">\n<pre class=\"wp-block-verse has-text-align-center\" style=\"border-width:1px\"><strong>ACTUADOR<\/strong><br>ACTUATOR<\/pre>\n\n\n\n<div class=\"wp-block-columns is-layout-flex wp-container-core-columns-is-layout-28f84493 wp-block-columns-is-layout-flex\">\n<div class=\"wp-block-column is-layout-flow wp-block-column-is-layout-flow\">\n<figure class=\"wp-block-image size-full\"><img loading=\"lazy\" decoding=\"async\" width=\"400\" height=\"400\" src=\"https:\/\/colvapor.com\/colvapor_new\/wp-content\/uploads\/2025\/10\/actuador.png\" alt=\"actuador\" class=\"wp-image-1947\" title=\"PRODUCTOS-INSTRUMENTACI\u00d3N Y CONTROL\" srcset=\"https:\/\/colvapor.com\/colvapor_new\/wp-content\/uploads\/2025\/10\/actuador.png 400w, https:\/\/colvapor.com\/colvapor_new\/wp-content\/uploads\/2025\/10\/actuador-300x300.png 300w, https:\/\/colvapor.com\/colvapor_new\/wp-content\/uploads\/2025\/10\/actuador-150x150.png 150w, https:\/\/colvapor.com\/colvapor_new\/wp-content\/uploads\/2025\/10\/actuador-100x100.png 100w\" sizes=\"auto, (max-width: 400px) 100vw, 400px\" \/><\/figure>\n<\/div>\n\n\n\n<div class=\"wp-block-column is-layout-flow wp-block-column-is-layout-flow\">\n<pre class=\"wp-block-verse has-ast-global-color-5-background-color has-background has-inter-font-family\" style=\"font-size:14px\"><strong>Usos comunes<\/strong>: <br>Automatizaci\u00f3n de v\u00e1lvulas.<br>Control remoto de procesos.<br><br><strong>Caracter\u00edsticas:<\/strong><br><br>1. El\u00e9ctricos, neum\u00e1ticos o hidr\u00e1ulicos.<br>2. Indicadores de posici\u00f3n.<br>3. Sistemas de seguridad (fail-safe).<br><br><\/pre>\n<\/div>\n<\/div>\n\n\n\n<pre class=\"wp-block-verse has-ast-global-color-5-background-color has-background has-inter-font-family\" style=\"font-size:14px\"><strong>VARIACIONES<\/strong><br><br>Lineales, rotativos, con retorno por resorte.<\/pre>\n<\/div>\n\n\n\n<div class=\"wp-block-column has-border-color has-ast-global-color-7-border-color is-layout-flow wp-block-column-is-layout-flow\" style=\"border-width:1px;padding-top:var(--wp--preset--spacing--20);padding-right:var(--wp--preset--spacing--20);padding-bottom:var(--wp--preset--spacing--20);padding-left:var(--wp--preset--spacing--20)\">\n<pre class=\"wp-block-verse has-text-align-center\" style=\"border-width:1px\"><strong>TERM\u00d3METRO<\/strong><br>THERMOMETER<\/pre>\n\n\n\n<div class=\"wp-block-columns is-layout-flex wp-container-core-columns-is-layout-28f84493 wp-block-columns-is-layout-flex\">\n<div class=\"wp-block-column is-layout-flow wp-block-column-is-layout-flow\">\n<figure class=\"wp-block-image size-full\"><img loading=\"lazy\" decoding=\"async\" width=\"400\" height=\"400\" src=\"https:\/\/colvapor.com\/colvapor_new\/wp-content\/uploads\/2025\/10\/termometro.png\" alt=\"termometro\" class=\"wp-image-1949\" title=\"PRODUCTOS-INSTRUMENTACI\u00d3N Y CONTROL\" srcset=\"https:\/\/colvapor.com\/colvapor_new\/wp-content\/uploads\/2025\/10\/termometro.png 400w, https:\/\/colvapor.com\/colvapor_new\/wp-content\/uploads\/2025\/10\/termometro-300x300.png 300w, https:\/\/colvapor.com\/colvapor_new\/wp-content\/uploads\/2025\/10\/termometro-150x150.png 150w, https:\/\/colvapor.com\/colvapor_new\/wp-content\/uploads\/2025\/10\/termometro-100x100.png 100w\" sizes=\"auto, (max-width: 400px) 100vw, 400px\" \/><\/figure>\n<\/div>\n\n\n\n<div class=\"wp-block-column is-layout-flow wp-block-column-is-layout-flow\">\n<pre class=\"wp-block-verse has-ast-global-color-5-background-color has-background has-inter-font-family\" style=\"font-size:14px\"><strong>Usos comunes<\/strong>: <br>Medici\u00f3n de temperatura en procesos t\u00e9rmicos.<br>Control de condiciones operativas.<br><br><strong>Caracter\u00edsticas:<\/strong><br><br>1. Escalas en \u00b0C, \u00b0F.<br>2. Lectura directa o remota.<br>3. Materiales resistentes a medios agresivos.<\/pre>\n<\/div>\n<\/div>\n\n\n\n<pre class=\"wp-block-verse has-ast-global-color-5-background-color has-background has-inter-font-family\" style=\"font-size:14px\"><strong>VARIACIONES<\/strong><br><br>Bimet\u00e1licos (industria general).<br>De gas o l\u00edquido (alta precisi\u00f3n).<br>Digitales (con sensores tipo RTD o termopar).<\/pre>\n<\/div>\n<\/div>\n\n\n\n<div class=\"wp-block-columns is-layout-flex wp-container-core-columns-is-layout-a9a6eddd wp-block-columns-is-layout-flex\" style=\"padding-top:4px;padding-right:4px;padding-bottom:4px;padding-left:4px\">\n<div class=\"wp-block-column has-border-color has-ast-global-color-7-border-color is-layout-flow wp-block-column-is-layout-flow\" style=\"border-width:1px;padding-top:var(--wp--preset--spacing--20);padding-right:var(--wp--preset--spacing--20);padding-bottom:var(--wp--preset--spacing--20);padding-left:var(--wp--preset--spacing--20)\">\n<pre class=\"wp-block-verse has-text-align-center\" style=\"border-width:1px\"><strong>TERMOPOZO<\/strong><br>THERMOWELL<\/pre>\n\n\n\n<div class=\"wp-block-columns is-layout-flex wp-container-core-columns-is-layout-28f84493 wp-block-columns-is-layout-flex\">\n<div class=\"wp-block-column is-layout-flow wp-block-column-is-layout-flow\">\n<figure class=\"wp-block-image size-full\"><img loading=\"lazy\" decoding=\"async\" width=\"400\" height=\"400\" src=\"https:\/\/colvapor.com\/colvapor_new\/wp-content\/uploads\/2025\/10\/termopozo.png\" alt=\"termopozo\" class=\"wp-image-1950\" title=\"PRODUCTOS-INSTRUMENTACI\u00d3N Y CONTROL\" srcset=\"https:\/\/colvapor.com\/colvapor_new\/wp-content\/uploads\/2025\/10\/termopozo.png 400w, https:\/\/colvapor.com\/colvapor_new\/wp-content\/uploads\/2025\/10\/termopozo-300x300.png 300w, https:\/\/colvapor.com\/colvapor_new\/wp-content\/uploads\/2025\/10\/termopozo-150x150.png 150w, https:\/\/colvapor.com\/colvapor_new\/wp-content\/uploads\/2025\/10\/termopozo-100x100.png 100w\" sizes=\"auto, (max-width: 400px) 100vw, 400px\" \/><\/figure>\n<\/div>\n\n\n\n<div class=\"wp-block-column is-layout-flow wp-block-column-is-layout-flow\">\n<pre class=\"wp-block-verse has-ast-global-color-5-background-color has-background has-inter-font-family\" style=\"font-size:14px\"><strong>Usos comunes<\/strong>: <br>Protecci\u00f3n de sensores de temperatura.<br>Instalaci\u00f3n segura en tuber\u00edas presurizadas.<br><br><strong>Caracter\u00edsticas:<\/strong><br><br>1. Tubo met\u00e1lico que a\u00edsla el sensor del medio.<br>2. Facilita mantenimiento sin detener el proceso.<br>3. Materiales: acero inoxidable, monel, hastelloy.<\/pre>\n<\/div>\n<\/div>\n\n\n\n<pre class=\"wp-block-verse has-ast-global-color-5-background-color has-background has-inter-font-family\" style=\"font-size:14px\"><strong>VARIACIONES<\/strong><br><br>Recto, c\u00f3nico, escalonado.<br>Con rosca, brida o soldadura.<br>Seg\u00fan norma ASME PTC 19.3 TW-2016 (dise\u00f1o y c\u00e1lculo).<\/pre>\n<\/div>\n\n\n\n<div class=\"wp-block-column has-border-color has-ast-global-color-7-border-color is-layout-flow wp-block-column-is-layout-flow\" style=\"border-width:1px;padding-top:var(--wp--preset--spacing--20);padding-right:var(--wp--preset--spacing--20);padding-bottom:var(--wp--preset--spacing--20);padding-left:var(--wp--preset--spacing--20)\"><\/div>\n<\/div>\n\n\n\n<p><\/p>\n","protected":false},"excerpt":{"rendered":"<p>V\u00c1LVULA DE INSTRUMENTACI\u00d3NINSTRUMENTATION VALVE Usos comunes: Control preciso de flujo en l\u00edneas de proceso.Aislamiento de instrumentos (man\u00f3metros, transmisores).Purga, muestreo o [&hellip;]<\/p>\n","protected":false},"author":1,"featured_media":0,"parent":11,"menu_order":0,"comment_status":"closed","ping_status":"closed","template":"","meta":{"site-sidebar-layout":"default","site-content-layout":"","ast-site-content-layout":"normal-width-container","site-content-style":"default","site-sidebar-style":"default","ast-global-header-display":"","ast-banner-title-visibility":"","ast-main-header-display":"","ast-hfb-above-header-display":"","ast-hfb-below-header-display":"","ast-hfb-mobile-header-display":"","site-post-title":"disabled","ast-breadcrumbs-content":"","ast-featured-img":"","footer-sml-layout":"","ast-disable-related-posts":"","theme-transparent-header-meta":"disabled","adv-header-id-meta":"","stick-header-meta":"","header-above-stick-meta":"","header-main-stick-meta":"","header-below-stick-meta":"","astra-migrate-meta-layouts":"default","ast-page-background-enabled":"default","ast-page-background-meta":{"desktop":{"background-color":"var(--ast-global-color-5)","background-image":"","background-repeat":"repeat","background-position":"center center","background-size":"auto","background-attachment":"scroll","background-type":"","background-media":"","overlay-type":"","overlay-color":"","overlay-opacity":"","overlay-gradient":""},"tablet":{"background-color":"","background-image":"","background-repeat":"repeat","background-position":"center center","background-size":"auto","background-attachment":"scroll","background-type":"","background-media":"","overlay-type":"","overlay-color":"","overlay-opacity":"","overlay-gradient":""},"mobile":{"background-color":"","background-image":"","background-repeat":"repeat","background-position":"center center","background-size":"auto","background-attachment":"scroll","background-type":"","background-media":"","overlay-type":"","overlay-color":"","overlay-opacity":"","overlay-gradient":""}},"ast-content-background-meta":{"desktop":{"background-color":"var(--ast-global-color-4)","background-image":"","background-repeat":"repeat","background-position":"center center","background-size":"auto","background-attachment":"scroll","background-type":"","background-media":"","overlay-type":"","overlay-color":"","overlay-opacity":"","overlay-gradient":""},"tablet":{"background-color":"var(--ast-global-color-4)","background-image":"","background-repeat":"repeat","background-position":"center center","background-size":"auto","background-attachment":"scroll","background-type":"","background-media":"","overlay-type":"","overlay-color":"","overlay-opacity":"","overlay-gradient":""},"mobile":{"background-color":"var(--ast-global-color-4)","background-image":"","background-repeat":"repeat","background-position":"center center","background-size":"auto","background-attachment":"scroll","background-type":"","background-media":"","overlay-type":"","overlay-color":"","overlay-opacity":"","overlay-gradient":""}},"_joinchat":[],"footnotes":""},"class_list":["post-1943","page","type-page","status-publish","hentry"],"_links":{"self":[{"href":"https:\/\/colvapor.com\/colvapor_new\/wp-json\/wp\/v2\/pages\/1943","targetHints":{"allow":["GET"]}}],"collection":[{"href":"https:\/\/colvapor.com\/colvapor_new\/wp-json\/wp\/v2\/pages"}],"about":[{"href":"https:\/\/colvapor.com\/colvapor_new\/wp-json\/wp\/v2\/types\/page"}],"author":[{"embeddable":true,"href":"https:\/\/colvapor.com\/colvapor_new\/wp-json\/wp\/v2\/users\/1"}],"replies":[{"embeddable":true,"href":"https:\/\/colvapor.com\/colvapor_new\/wp-json\/wp\/v2\/comments?post=1943"}],"version-history":[{"count":11,"href":"https:\/\/colvapor.com\/colvapor_new\/wp-json\/wp\/v2\/pages\/1943\/revisions"}],"predecessor-version":[{"id":2073,"href":"https:\/\/colvapor.com\/colvapor_new\/wp-json\/wp\/v2\/pages\/1943\/revisions\/2073"}],"up":[{"embeddable":true,"href":"https:\/\/colvapor.com\/colvapor_new\/wp-json\/wp\/v2\/pages\/11"}],"wp:attachment":[{"href":"https:\/\/colvapor.com\/colvapor_new\/wp-json\/wp\/v2\/media?parent=1943"}],"curies":[{"name":"wp","href":"https:\/\/api.w.org\/{rel}","templated":true}]}}