{"id":1911,"date":"2025-10-20T15:00:52","date_gmt":"2025-10-20T20:00:52","guid":{"rendered":"https:\/\/colvapor.com\/colvapor_new\/?page_id=1911"},"modified":"2025-10-23T17:10:23","modified_gmt":"2025-10-23T22:10:23","slug":"tuberias","status":"publish","type":"page","link":"https:\/\/colvapor.com\/colvapor_new\/productos\/tuberias\/","title":{"rendered":"PRODUCTOS-TUBERIAS"},"content":{"rendered":"\n<div class=\"wp-block-columns is-layout-flex wp-container-core-columns-is-layout-eb57ae29 wp-block-columns-is-layout-flex\" style=\"margin-top:0;margin-bottom:0;padding-top:var(--wp--preset--spacing--70);padding-right:0;padding-bottom:var(--wp--preset--spacing--70);padding-left:0\">\n<div class=\"wp-block-column is-layout-flow wp-block-column-is-layout-flow\">\n<div class=\"wp-block-buttons is-content-justification-left is-layout-flex wp-container-core-buttons-is-layout-c20d4b0f wp-block-buttons-is-layout-flex\" style=\"margin-top:0;margin-bottom:0;padding-top:0;padding-right:0;padding-bottom:0;padding-left:0\">\n<div class=\"wp-block-button\"><a class=\"wp-block-button__link has-black-color has-ast-global-color-7-background-color has-text-color has-background has-link-color wp-element-button\" href=\"https:\/\/colvapor.com\/colvapor_new\/productos\/valvulas\/\"><strong>V\u00c1LVULAS<\/strong><\/a><\/div>\n\n\n\n<div class=\"wp-block-button\"><a class=\"wp-block-button__link has-black-color has-light-green-cyan-background-color has-text-color has-background has-link-color wp-element-button\" href=\"https:\/\/colvapor.com\/colvapor_new\/productos\/tuberias\/\"><strong>TUBER\u00cdAS<\/strong><\/a><\/div>\n\n\n\n<div class=\"wp-block-button\"><a class=\"wp-block-button__link has-black-color has-ast-global-color-7-background-color has-text-color has-background has-link-color wp-element-button\" href=\"https:\/\/colvapor.com\/colvapor_new\/productos\/accesorios\/\"><strong>ACCESORIOS<\/strong><\/a><\/div>\n\n\n\n<div class=\"wp-block-button\"><a class=\"wp-block-button__link has-black-color has-ast-global-color-7-background-color has-text-color has-background has-link-color wp-element-button\" href=\"https:\/\/colvapor.com\/colvapor_new\/productos\/instrumentacion\/\"><strong>INTRUMENTACI\u00d3N Y CONTROL<\/strong><\/a><\/div>\n\n\n\n<div class=\"wp-block-button\"><a class=\"wp-block-button__link has-black-color has-ast-global-color-7-background-color has-text-color has-background has-link-color wp-element-button\" href=\"https:\/\/colvapor.com\/colvapor_new\/productos\/corrosion\/\"><strong>CORROSI\u00d3N<\/strong><\/a><\/div>\n<\/div>\n<\/div>\n<\/div>\n\n\n\n<div class=\"wp-block-columns is-layout-flex wp-container-core-columns-is-layout-a9a6eddd wp-block-columns-is-layout-flex\" style=\"padding-top:4px;padding-right:4px;padding-bottom:4px;padding-left:4px\">\n<div class=\"wp-block-column has-border-color has-ast-global-color-7-border-color is-layout-flow wp-block-column-is-layout-flow\" style=\"border-width:1px;padding-top:var(--wp--preset--spacing--20);padding-right:var(--wp--preset--spacing--20);padding-bottom:var(--wp--preset--spacing--20);padding-left:var(--wp--preset--spacing--20)\">\n<pre class=\"wp-block-verse has-text-align-center\" style=\"border-width:1px\"><strong>TUBER\u00cdA DE ACERO AL CARBONO<\/strong><br>CARBON STEEL PIPE<\/pre>\n\n\n\n<div class=\"wp-block-columns is-layout-flex wp-container-core-columns-is-layout-28f84493 wp-block-columns-is-layout-flex\">\n<div class=\"wp-block-column is-layout-flow wp-block-column-is-layout-flow\">\n<figure class=\"wp-block-image size-full\"><img loading=\"lazy\" decoding=\"async\" width=\"400\" height=\"400\" src=\"https:\/\/colvapor.com\/colvapor_new\/wp-content\/uploads\/2025\/10\/tuberia_2.png\" alt=\"tuberia 2\" class=\"wp-image-1914\" title=\"PRODUCTOS-TUBERIAS\" srcset=\"https:\/\/colvapor.com\/colvapor_new\/wp-content\/uploads\/2025\/10\/tuberia_2.png 400w, https:\/\/colvapor.com\/colvapor_new\/wp-content\/uploads\/2025\/10\/tuberia_2-300x300.png 300w, https:\/\/colvapor.com\/colvapor_new\/wp-content\/uploads\/2025\/10\/tuberia_2-150x150.png 150w, https:\/\/colvapor.com\/colvapor_new\/wp-content\/uploads\/2025\/10\/tuberia_2-100x100.png 100w\" sizes=\"auto, (max-width: 400px) 100vw, 400px\" \/><\/figure>\n<\/div>\n\n\n\n<div class=\"wp-block-column is-layout-flow wp-block-column-is-layout-flow\">\n<pre class=\"wp-block-verse has-ast-global-color-5-background-color has-background has-inter-font-family\" style=\"font-size:14px\"><strong>Usos comunes<\/strong>: <br><br>L\u00edneas de vapor y agua caliente. Sistemas de aire comprimido. Transporte de petr\u00f3leo y gas. Plantas industriales y refiner\u00edas.<br><br><strong>Caracter\u00edsticas:<\/strong><br><br>1. Alta resistencia mec\u00e1nica.<br>2. Buena soldabilidad.<br>3. Econ\u00f3mica y vers\u00e1til.<br>4. Requiere protecci\u00f3n contra la corrosi\u00f3n en ambientes agresivos.<\/pre>\n<\/div>\n<\/div>\n\n\n\n<p><\/p>\n\n\n\n<pre class=\"wp-block-verse has-ast-global-color-5-background-color has-background has-inter-font-family\" style=\"font-size:14px\"><strong>VARIACIONES<br><br><\/strong>ASTM A106: Para altas temperaturas.<br>ASTM A53: Uso general.<br>API 5L: Transporte de petr\u00f3leo y gas.<\/pre>\n<\/div>\n\n\n\n<div class=\"wp-block-column has-border-color has-ast-global-color-7-border-color is-layout-flow wp-block-column-is-layout-flow\" style=\"border-width:1px;padding-top:var(--wp--preset--spacing--20);padding-right:var(--wp--preset--spacing--20);padding-bottom:var(--wp--preset--spacing--20);padding-left:var(--wp--preset--spacing--20)\">\n<pre class=\"wp-block-verse has-text-align-center\" style=\"border-width:1px\"><strong>TUBER\u00cdA ACERO INOXIDABLE<\/strong><br>STAINLESS STEEL PIPE<\/pre>\n\n\n\n<div class=\"wp-block-columns is-layout-flex wp-container-core-columns-is-layout-28f84493 wp-block-columns-is-layout-flex\">\n<div class=\"wp-block-column is-layout-flow wp-block-column-is-layout-flow\">\n<figure class=\"wp-block-image size-full\"><img loading=\"lazy\" decoding=\"async\" width=\"400\" height=\"397\" src=\"https:\/\/colvapor.com\/colvapor_new\/wp-content\/uploads\/2025\/10\/tuberia_acero_inoxidable.png\" alt=\"tuberia acero inoxidable\" class=\"wp-image-1915\" title=\"PRODUCTOS-TUBERIAS\" srcset=\"https:\/\/colvapor.com\/colvapor_new\/wp-content\/uploads\/2025\/10\/tuberia_acero_inoxidable.png 400w, https:\/\/colvapor.com\/colvapor_new\/wp-content\/uploads\/2025\/10\/tuberia_acero_inoxidable-300x298.png 300w, https:\/\/colvapor.com\/colvapor_new\/wp-content\/uploads\/2025\/10\/tuberia_acero_inoxidable-150x150.png 150w, https:\/\/colvapor.com\/colvapor_new\/wp-content\/uploads\/2025\/10\/tuberia_acero_inoxidable-100x100.png 100w\" sizes=\"auto, (max-width: 400px) 100vw, 400px\" \/><\/figure>\n<\/div>\n\n\n\n<div class=\"wp-block-column is-layout-flow wp-block-column-is-layout-flow\">\n<pre class=\"wp-block-verse has-ast-global-color-5-background-color has-background has-inter-font-family\" style=\"font-size:14px\"><strong>Usos comunes<\/strong>: <br><br>Procesos qu\u00edmicos y farmac\u00e9uticos.<br>Industria alimenticia.<br>Sistemas sanitarios y de agua potable.<br>Ambientes marinos y corrosivos.<br><br><strong>Caracter\u00edsticas:<\/strong><br><br>1. Excelente resistencia a la corrosi\u00f3n.<br>2. Alta durabilidad y est\u00e9tica.<br>3. Disponible en m\u00faltiples aleaciones.<br>4. M\u00e1s costosa que el acero al carbono.<\/pre>\n<\/div>\n<\/div>\n\n\n\n<pre class=\"wp-block-verse has-ast-global-color-5-background-color has-background has-inter-font-family\" style=\"font-size:14px\"><strong>VARIACIONES<\/strong><br><br>AISI 304: Uso general.<br>AISI 316: Alta resistencia qu\u00edmica y salina.<br>D\u00faplex\/S\u00faper D\u00faplex: Alta resistencia mec\u00e1nica y qu\u00edmica.<\/pre>\n<\/div>\n<\/div>\n\n\n\n<div class=\"wp-block-columns is-layout-flex wp-container-core-columns-is-layout-a9a6eddd wp-block-columns-is-layout-flex\" style=\"padding-top:4px;padding-right:4px;padding-bottom:4px;padding-left:4px\">\n<div class=\"wp-block-column has-border-color has-ast-global-color-7-border-color is-layout-flow wp-block-column-is-layout-flow\" style=\"border-width:1px;padding-top:var(--wp--preset--spacing--20);padding-right:var(--wp--preset--spacing--20);padding-bottom:var(--wp--preset--spacing--20);padding-left:var(--wp--preset--spacing--20)\">\n<pre class=\"wp-block-verse has-text-align-center\" style=\"border-width:1px\"><strong>TUBER\u00cdA ACERO GALVANIZADO<\/strong><br>GALVANIZED STEEL PIPE<\/pre>\n\n\n\n<div class=\"wp-block-columns is-layout-flex wp-container-core-columns-is-layout-28f84493 wp-block-columns-is-layout-flex\">\n<div class=\"wp-block-column is-layout-flow wp-block-column-is-layout-flow\">\n<figure class=\"wp-block-image size-full\"><img loading=\"lazy\" decoding=\"async\" width=\"400\" height=\"400\" src=\"https:\/\/colvapor.com\/colvapor_new\/wp-content\/uploads\/2025\/10\/tuberia_acero_galvanizado.png\" alt=\"tuberia acero galvanizado\" class=\"wp-image-1916\" title=\"PRODUCTOS-TUBERIAS\" srcset=\"https:\/\/colvapor.com\/colvapor_new\/wp-content\/uploads\/2025\/10\/tuberia_acero_galvanizado.png 400w, https:\/\/colvapor.com\/colvapor_new\/wp-content\/uploads\/2025\/10\/tuberia_acero_galvanizado-300x300.png 300w, https:\/\/colvapor.com\/colvapor_new\/wp-content\/uploads\/2025\/10\/tuberia_acero_galvanizado-150x150.png 150w, https:\/\/colvapor.com\/colvapor_new\/wp-content\/uploads\/2025\/10\/tuberia_acero_galvanizado-100x100.png 100w\" sizes=\"auto, (max-width: 400px) 100vw, 400px\" \/><\/figure>\n<\/div>\n\n\n\n<div class=\"wp-block-column is-layout-flow wp-block-column-is-layout-flow\">\n<pre class=\"wp-block-verse has-ast-global-color-5-background-color has-background has-inter-font-family\" style=\"font-size:14px\"><strong>Usos comunes<\/strong>: <br>Instalaciones de agua potable.<br>Sistemas de drenaje y ventilaci\u00f3n.<br>Redes contra incendio.<br>Construcci\u00f3n civil y estructuras met\u00e1licas.<br><br><strong>Caracter\u00edsticas:<\/strong><br><br>1. Recubrimiento de zinc para protecci\u00f3n contra la corrosi\u00f3n.<br>2. F\u00e1cil instalaci\u00f3n.<br>3. No recomendada para altas temperaturas.<\/pre>\n<\/div>\n<\/div>\n\n\n\n<pre class=\"wp-block-verse has-ast-global-color-5-background-color has-background has-inter-font-family\" style=\"font-size:14px\"><strong>VARIACIONES<\/strong><br><br>Galvanizado en caliente.<br>Galvanizado electroqu\u00edmico.<\/pre>\n<\/div>\n\n\n\n<div class=\"wp-block-column has-border-color has-ast-global-color-7-border-color is-layout-flow wp-block-column-is-layout-flow\" style=\"border-width:1px;padding-top:var(--wp--preset--spacing--20);padding-right:var(--wp--preset--spacing--20);padding-bottom:var(--wp--preset--spacing--20);padding-left:var(--wp--preset--spacing--20)\">\n<pre class=\"wp-block-verse has-text-align-center\" style=\"border-width:1px\"><strong>TUBER\u00cdA EN ALEACIONES<\/strong> <br>ALLOY STEEL PIPE<\/pre>\n\n\n\n<div class=\"wp-block-columns is-layout-flex wp-container-core-columns-is-layout-28f84493 wp-block-columns-is-layout-flex\">\n<div class=\"wp-block-column is-layout-flow wp-block-column-is-layout-flow\">\n<figure class=\"wp-block-image size-full\"><img loading=\"lazy\" decoding=\"async\" width=\"400\" height=\"400\" src=\"https:\/\/colvapor.com\/colvapor_new\/wp-content\/uploads\/2025\/10\/tuberia_aleaciones.png\" alt=\"tuberia aleaciones\" class=\"wp-image-1917\" title=\"PRODUCTOS-TUBERIAS\" srcset=\"https:\/\/colvapor.com\/colvapor_new\/wp-content\/uploads\/2025\/10\/tuberia_aleaciones.png 400w, https:\/\/colvapor.com\/colvapor_new\/wp-content\/uploads\/2025\/10\/tuberia_aleaciones-300x300.png 300w, https:\/\/colvapor.com\/colvapor_new\/wp-content\/uploads\/2025\/10\/tuberia_aleaciones-150x150.png 150w, https:\/\/colvapor.com\/colvapor_new\/wp-content\/uploads\/2025\/10\/tuberia_aleaciones-100x100.png 100w\" sizes=\"auto, (max-width: 400px) 100vw, 400px\" \/><\/figure>\n<\/div>\n\n\n\n<div class=\"wp-block-column is-layout-flow wp-block-column-is-layout-flow\">\n<pre class=\"wp-block-verse has-ast-global-color-5-background-color has-background has-inter-font-family\" style=\"font-size:14px\"><strong>Usos comunes<\/strong>: <br>Plantas termoel\u00e9ctricas.<br>Calderas industriales.<br>Intercambiadores de calor.<br>Procesos petroqu\u00edmicos.<br><br><strong>Caracter\u00edsticas:<\/strong><br><br>1. Composici\u00f3n con elementos como cromo, molibdeno, n\u00edquel.<br>2. Alta resistencia a presi\u00f3n y temperatura.<br>3. Requiere soldadura especializada.<br><\/pre>\n<\/div>\n<\/div>\n\n\n\n<pre class=\"wp-block-verse has-ast-global-color-5-background-color has-background has-inter-font-family\" style=\"font-size:14px\"><strong>VARIACIONES<\/strong><br><br>ASTM A335: Para alta temperatura.<br>ASTM A213: Para calderas y condensadores.<\/pre>\n<\/div>\n<\/div>\n\n\n\n<div class=\"wp-block-columns is-layout-flex wp-container-core-columns-is-layout-a9a6eddd wp-block-columns-is-layout-flex\" style=\"padding-top:4px;padding-right:4px;padding-bottom:4px;padding-left:4px\">\n<div class=\"wp-block-column has-border-color has-ast-global-color-7-border-color is-layout-flow wp-block-column-is-layout-flow\" style=\"border-width:1px;padding-top:var(--wp--preset--spacing--20);padding-right:var(--wp--preset--spacing--20);padding-bottom:var(--wp--preset--spacing--20);padding-left:var(--wp--preset--spacing--20)\">\n<pre class=\"wp-block-verse has-text-align-center\" style=\"border-width:1px\"><strong>TUBER\u00cdA CON RECUBRIMIENTO<\/strong><br>COATED PIPE<\/pre>\n\n\n\n<div class=\"wp-block-columns is-layout-flex wp-container-core-columns-is-layout-28f84493 wp-block-columns-is-layout-flex\">\n<div class=\"wp-block-column is-layout-flow wp-block-column-is-layout-flow\">\n<figure class=\"wp-block-image size-full\"><img loading=\"lazy\" decoding=\"async\" width=\"400\" height=\"400\" src=\"https:\/\/colvapor.com\/colvapor_new\/wp-content\/uploads\/2025\/10\/tuberia_recubrimiento.png\" alt=\"tuberia recubrimiento\" class=\"wp-image-1920\" title=\"PRODUCTOS-TUBERIAS\" srcset=\"https:\/\/colvapor.com\/colvapor_new\/wp-content\/uploads\/2025\/10\/tuberia_recubrimiento.png 400w, https:\/\/colvapor.com\/colvapor_new\/wp-content\/uploads\/2025\/10\/tuberia_recubrimiento-300x300.png 300w, https:\/\/colvapor.com\/colvapor_new\/wp-content\/uploads\/2025\/10\/tuberia_recubrimiento-150x150.png 150w, https:\/\/colvapor.com\/colvapor_new\/wp-content\/uploads\/2025\/10\/tuberia_recubrimiento-100x100.png 100w\" sizes=\"auto, (max-width: 400px) 100vw, 400px\" \/><\/figure>\n<\/div>\n\n\n\n<div class=\"wp-block-column is-layout-flow wp-block-column-is-layout-flow\">\n<pre class=\"wp-block-verse has-ast-global-color-5-background-color has-background has-inter-font-family\" style=\"font-size:14px\"><strong>Usos comunes<\/strong>: <br>Transporte de agua cruda o tratada.<br>L\u00edneas de productos qu\u00edmicos.<br>Sistemas de alcantarillado industrial.<br>Oleoductos y gasoductos en ambientes corrosivos.<br><br><strong>Caracter\u00edsticas:<\/strong><br><br>1. Protecci\u00f3n contra corrosi\u00f3n interna.<br>2. Mejora la vida \u00fatil en ambientes agresivos.<br>3. Puede incluir recubrimientos ep\u00f3xicos, cementicios o liners pl\u00e1sticos.<br><br><br><br><\/pre>\n<\/div>\n<\/div>\n\n\n\n<pre class=\"wp-block-verse has-ast-global-color-5-background-color has-background has-inter-font-family\" style=\"font-size:14px\"><strong>VARIACIONES<\/strong><br><br>Ep\u00f3xico.<br>Cementicio.<br>Liner pl\u00e1stico (HDPE, PTFE, etc.).<\/pre>\n<\/div>\n\n\n\n<div class=\"wp-block-column has-border-color has-ast-global-color-7-border-color is-layout-flow wp-block-column-is-layout-flow\" style=\"border-width:1px;padding-top:var(--wp--preset--spacing--20);padding-right:var(--wp--preset--spacing--20);padding-bottom:var(--wp--preset--spacing--20);padding-left:var(--wp--preset--spacing--20)\"><\/div>\n<\/div>\n\n\n\n<p><\/p>\n","protected":false},"excerpt":{"rendered":"<p>TUBER\u00cdA DE ACERO AL CARBONOCARBON STEEL PIPE Usos comunes: L\u00edneas de vapor y agua caliente. Sistemas de aire comprimido. Transporte [&hellip;]<\/p>\n","protected":false},"author":1,"featured_media":0,"parent":11,"menu_order":0,"comment_status":"closed","ping_status":"closed","template":"","meta":{"site-sidebar-layout":"default","site-content-layout":"","ast-site-content-layout":"normal-width-container","site-content-style":"default","site-sidebar-style":"default","ast-global-header-display":"","ast-banner-title-visibility":"","ast-main-header-display":"","ast-hfb-above-header-display":"","ast-hfb-below-header-display":"","ast-hfb-mobile-header-display":"","site-post-title":"disabled","ast-breadcrumbs-content":"","ast-featured-img":"","footer-sml-layout":"","ast-disable-related-posts":"","theme-transparent-header-meta":"disabled","adv-header-id-meta":"","stick-header-meta":"","header-above-stick-meta":"","header-main-stick-meta":"","header-below-stick-meta":"","astra-migrate-meta-layouts":"default","ast-page-background-enabled":"default","ast-page-background-meta":{"desktop":{"background-color":"var(--ast-global-color-5)","background-image":"","background-repeat":"repeat","background-position":"center center","background-size":"auto","background-attachment":"scroll","background-type":"","background-media":"","overlay-type":"","overlay-color":"","overlay-opacity":"","overlay-gradient":""},"tablet":{"background-color":"","background-image":"","background-repeat":"repeat","background-position":"center center","background-size":"auto","background-attachment":"scroll","background-type":"","background-media":"","overlay-type":"","overlay-color":"","overlay-opacity":"","overlay-gradient":""},"mobile":{"background-color":"","background-image":"","background-repeat":"repeat","background-position":"center center","background-size":"auto","background-attachment":"scroll","background-type":"","background-media":"","overlay-type":"","overlay-color":"","overlay-opacity":"","overlay-gradient":""}},"ast-content-background-meta":{"desktop":{"background-color":"var(--ast-global-color-4)","background-image":"","background-repeat":"repeat","background-position":"center center","background-size":"auto","background-attachment":"scroll","background-type":"","background-media":"","overlay-type":"","overlay-color":"","overlay-opacity":"","overlay-gradient":""},"tablet":{"background-color":"var(--ast-global-color-4)","background-image":"","background-repeat":"repeat","background-position":"center center","background-size":"auto","background-attachment":"scroll","background-type":"","background-media":"","overlay-type":"","overlay-color":"","overlay-opacity":"","overlay-gradient":""},"mobile":{"background-color":"var(--ast-global-color-4)","background-image":"","background-repeat":"repeat","background-position":"center center","background-size":"auto","background-attachment":"scroll","background-type":"","background-media":"","overlay-type":"","overlay-color":"","overlay-opacity":"","overlay-gradient":""}},"_joinchat":[],"footnotes":""},"class_list":["post-1911","page","type-page","status-publish","hentry"],"_links":{"self":[{"href":"https:\/\/colvapor.com\/colvapor_new\/wp-json\/wp\/v2\/pages\/1911","targetHints":{"allow":["GET"]}}],"collection":[{"href":"https:\/\/colvapor.com\/colvapor_new\/wp-json\/wp\/v2\/pages"}],"about":[{"href":"https:\/\/colvapor.com\/colvapor_new\/wp-json\/wp\/v2\/types\/page"}],"author":[{"embeddable":true,"href":"https:\/\/colvapor.com\/colvapor_new\/wp-json\/wp\/v2\/users\/1"}],"replies":[{"embeddable":true,"href":"https:\/\/colvapor.com\/colvapor_new\/wp-json\/wp\/v2\/comments?post=1911"}],"version-history":[{"count":9,"href":"https:\/\/colvapor.com\/colvapor_new\/wp-json\/wp\/v2\/pages\/1911\/revisions"}],"predecessor-version":[{"id":2066,"href":"https:\/\/colvapor.com\/colvapor_new\/wp-json\/wp\/v2\/pages\/1911\/revisions\/2066"}],"up":[{"embeddable":true,"href":"https:\/\/colvapor.com\/colvapor_new\/wp-json\/wp\/v2\/pages\/11"}],"wp:attachment":[{"href":"https:\/\/colvapor.com\/colvapor_new\/wp-json\/wp\/v2\/media?parent=1911"}],"curies":[{"name":"wp","href":"https:\/\/api.w.org\/{rel}","templated":true}]}}