{"id":1902,"date":"2025-10-10T16:58:36","date_gmt":"2025-10-10T21:58:36","guid":{"rendered":"https:\/\/colvapor.com\/colvapor_new\/?page_id=1902"},"modified":"2025-10-23T17:04:24","modified_gmt":"2025-10-23T22:04:24","slug":"valvulas","status":"publish","type":"page","link":"https:\/\/colvapor.com\/colvapor_new\/productos\/valvulas\/","title":{"rendered":"PRODUCTOS-VALVULAS"},"content":{"rendered":"\n<div class=\"wp-block-columns is-layout-flex wp-container-core-columns-is-layout-eb57ae29 wp-block-columns-is-layout-flex\" style=\"margin-top:0;margin-bottom:0;padding-top:var(--wp--preset--spacing--70);padding-right:0;padding-bottom:var(--wp--preset--spacing--70);padding-left:0\">\n<div class=\"wp-block-column is-layout-flow wp-block-column-is-layout-flow\">\n<div class=\"wp-block-buttons is-content-justification-left is-layout-flex wp-container-core-buttons-is-layout-c20d4b0f wp-block-buttons-is-layout-flex\" style=\"margin-top:0;margin-bottom:0;padding-top:0;padding-right:0;padding-bottom:0;padding-left:0\">\n<div class=\"wp-block-button\"><a class=\"wp-block-button__link has-black-color has-light-green-cyan-background-color has-text-color has-background has-link-color wp-element-button\" href=\"https:\/\/colvapor.com\/colvapor_new\/productos\/valvulas\/\"><strong>V\u00c1LVULAS<\/strong><\/a><\/div>\n\n\n\n<div class=\"wp-block-button\"><a class=\"wp-block-button__link has-black-color has-ast-global-color-7-background-color has-text-color has-background has-link-color wp-element-button\" href=\"https:\/\/colvapor.com\/colvapor_new\/productos\/tuberias\/\"><strong>TUBER\u00cdAS<\/strong><\/a><\/div>\n\n\n\n<div class=\"wp-block-button\"><a class=\"wp-block-button__link has-black-color has-ast-global-color-7-background-color has-text-color has-background has-link-color wp-element-button\" href=\"https:\/\/colvapor.com\/colvapor_new\/productos\/accesorios\/\"><strong>ACCESORIOS<\/strong><\/a><\/div>\n\n\n\n<div class=\"wp-block-button\"><a class=\"wp-block-button__link has-black-color has-ast-global-color-7-background-color has-text-color has-background has-link-color wp-element-button\" href=\"https:\/\/colvapor.com\/colvapor_new\/productos\/instrumentacion\/\"><strong>INTRUMENTACI\u00d3N Y CONTROL<\/strong><\/a><\/div>\n\n\n\n<div class=\"wp-block-button\"><a class=\"wp-block-button__link has-black-color has-ast-global-color-7-background-color has-text-color has-background has-link-color wp-element-button\" href=\"https:\/\/colvapor.com\/colvapor_new\/productos\/corrosion\/\"><strong>CORROSI\u00d3N<\/strong><\/a><\/div>\n<\/div>\n<\/div>\n<\/div>\n\n\n\n<div class=\"wp-block-columns is-layout-flex wp-container-core-columns-is-layout-a9a6eddd wp-block-columns-is-layout-flex\" style=\"padding-top:4px;padding-right:4px;padding-bottom:4px;padding-left:4px\">\n<div class=\"wp-block-column has-border-color has-ast-global-color-7-border-color is-layout-flow wp-block-column-is-layout-flow\" style=\"border-width:1px;padding-top:var(--wp--preset--spacing--20);padding-right:var(--wp--preset--spacing--20);padding-bottom:var(--wp--preset--spacing--20);padding-left:var(--wp--preset--spacing--20)\">\n<pre class=\"wp-block-verse has-text-align-center\" style=\"border-width:1px\"><strong>V\u00c1LVULA DE BOLA<\/strong><br>BALL VALVE<\/pre>\n\n\n\n<div class=\"wp-block-columns is-layout-flex wp-container-core-columns-is-layout-28f84493 wp-block-columns-is-layout-flex\">\n<div class=\"wp-block-column is-layout-flow wp-block-column-is-layout-flow\">\n<figure class=\"wp-block-image size-full\"><img loading=\"lazy\" decoding=\"async\" width=\"400\" height=\"400\" src=\"https:\/\/colvapor.com\/colvapor_new\/wp-content\/uploads\/2025\/10\/valve-bola.png\" alt=\"valve bola\" class=\"wp-image-1836\" title=\"PRODUCTOS-VALVULAS\" srcset=\"https:\/\/colvapor.com\/colvapor_new\/wp-content\/uploads\/2025\/10\/valve-bola.png 400w, https:\/\/colvapor.com\/colvapor_new\/wp-content\/uploads\/2025\/10\/valve-bola-300x300.png 300w, https:\/\/colvapor.com\/colvapor_new\/wp-content\/uploads\/2025\/10\/valve-bola-150x150.png 150w, https:\/\/colvapor.com\/colvapor_new\/wp-content\/uploads\/2025\/10\/valve-bola-100x100.png 100w\" sizes=\"auto, (max-width: 400px) 100vw, 400px\" \/><\/figure>\n<\/div>\n\n\n\n<div class=\"wp-block-column is-layout-flow wp-block-column-is-layout-flow\">\n<pre class=\"wp-block-verse has-ast-global-color-5-background-color has-background has-inter-font-family\" style=\"font-size:14px\"><strong>Usos comunes<\/strong>: <br>Sistemas que requieren apertura\/cierre r\u00e1pido.<br><br><strong>Caracter\u00edsticas:<\/strong><br><br>1. Operaci\u00f3n r\u00e1pida (\u00bc de vuelta).<br>2. Excelente sellado incluso en altas presiones.<br>3. Bajo mantenimiento.<br>4. Adecuada para l\u00edquidos, gases y vapor.<br>5. Puede tener paso total o reducido<\/pre>\n<\/div>\n<\/div>\n\n\n\n<pre class=\"wp-block-verse has-ast-global-color-5-background-color has-background has-inter-font-family\" style=\"font-size:14px\"><strong>VARIACIONES<br><br><\/strong>Tipo Flotante (Floating Ball) -  La bola no est\u00e1 fijada, se mantiene por presi\u00f3n entre los asientos. <br>Tipo Mu\u00f1\u00f3n (Trunnion Mounted Ball) - Bola soportada por ejes en ambos extremos. Ideal para alta presi\u00f3n y grandes di\u00e1metros.<br>Tipo Paso Total (Full Port) - Di\u00e1metro interno igual al de la tuber\u00eda. Sin p\u00e9rdida de carga.<br>Tipo Paso Reducido (Reduced Port) - Di\u00e1metro interno menor al de la tuber\u00eda. M\u00e1s compacta y econ\u00f3mica.<br>Tipo 3 v\u00edas \/ 4 v\u00edas (Multi-Port) -Configuraci\u00f3n en \u201cL\u201d o \u201cT\u201d. Permite desv\u00edo, mezcla o distribuci\u00f3n de flujo.<\/pre>\n<\/div>\n\n\n\n<div class=\"wp-block-column has-border-color has-ast-global-color-7-border-color is-layout-flow wp-block-column-is-layout-flow\" style=\"border-width:1px;padding-top:var(--wp--preset--spacing--20);padding-right:var(--wp--preset--spacing--20);padding-bottom:var(--wp--preset--spacing--20);padding-left:var(--wp--preset--spacing--20)\">\n<pre class=\"wp-block-verse has-text-align-center\" style=\"border-width:1px\"><strong>V\u00c1LVULA DE COMPUERTA<\/strong><br>BALL VALVE<\/pre>\n\n\n\n<div class=\"wp-block-columns is-layout-flex wp-container-core-columns-is-layout-28f84493 wp-block-columns-is-layout-flex\">\n<div class=\"wp-block-column is-layout-flow wp-block-column-is-layout-flow\">\n<figure class=\"wp-block-image size-full\"><img loading=\"lazy\" decoding=\"async\" width=\"400\" height=\"400\" src=\"https:\/\/colvapor.com\/colvapor_new\/wp-content\/uploads\/2025\/10\/valve-compuerta.png\" alt=\"valve compuerta\" class=\"wp-image-1841\" title=\"PRODUCTOS-VALVULAS\" srcset=\"https:\/\/colvapor.com\/colvapor_new\/wp-content\/uploads\/2025\/10\/valve-compuerta.png 400w, https:\/\/colvapor.com\/colvapor_new\/wp-content\/uploads\/2025\/10\/valve-compuerta-300x300.png 300w, https:\/\/colvapor.com\/colvapor_new\/wp-content\/uploads\/2025\/10\/valve-compuerta-150x150.png 150w, https:\/\/colvapor.com\/colvapor_new\/wp-content\/uploads\/2025\/10\/valve-compuerta-100x100.png 100w\" sizes=\"auto, (max-width: 400px) 100vw, 400px\" \/><\/figure>\n<\/div>\n\n\n\n<div class=\"wp-block-column is-layout-flow wp-block-column-is-layout-flow\">\n<pre class=\"wp-block-verse has-ast-global-color-5-background-color has-background has-inter-font-family\" style=\"font-size:14px\"><strong>Usos comunes<\/strong>: <br>L\u00edneas de flujo que requieren apertura\/cierre total.<br><br><strong>Caracter\u00edsticas:<\/strong><br><br>1. Dise\u00f1o simple y robusto.<br>2. Ideal para flujo recto sin restricciones.<br>3. No se recomienda para regulaci\u00f3n de flujo.<br>4. Cierre herm\u00e9tico.<br>5. Disponible en acero al carbono, inoxidable y aleaciones especiales.<\/pre>\n<\/div>\n<\/div>\n\n\n\n<pre class=\"wp-block-verse has-ast-global-color-5-background-color has-background has-inter-font-family\" style=\"font-size:14px\"><strong>VARIACIONES<\/strong><br><br>Tipo Compuerta S\u00f3lida (Solid Wedge)- Dise\u00f1o simple, buena para servicios generales.<br>Tipo Compuerta Flexible (Flexible Wedge) - Mejora el sellado en condiciones t\u00e9rmicas variables.<br>Tipo Compuerta Dividida (Split Wedge) - Reduce el riesgo de atascos por expansi\u00f3n t\u00e9rmica.<br>Tipo Compuerta Paralela (Parallel Slide) -Ideal para vapor a alta presi\u00f3n.<br>Tipo V\u00e1stago Ascendente\/No Ascendente - Determina si el v\u00e1stago se mueve visiblemente al operar.<\/pre>\n<\/div>\n<\/div>\n\n\n\n<div class=\"wp-block-columns is-layout-flex wp-container-core-columns-is-layout-a9a6eddd wp-block-columns-is-layout-flex\" style=\"padding-top:4px;padding-right:4px;padding-bottom:4px;padding-left:4px\">\n<div class=\"wp-block-column has-border-color has-ast-global-color-7-border-color is-layout-flow wp-block-column-is-layout-flow\" style=\"border-width:1px;padding-top:var(--wp--preset--spacing--20);padding-right:var(--wp--preset--spacing--20);padding-bottom:var(--wp--preset--spacing--20);padding-left:var(--wp--preset--spacing--20)\">\n<pre class=\"wp-block-verse has-text-align-center\" style=\"border-width:1px\"><strong>V\u00c1LVULA DE RETENCI\u00d3N<\/strong><br>CHECK VALVE<\/pre>\n\n\n\n<div class=\"wp-block-columns is-layout-flex wp-container-core-columns-is-layout-28f84493 wp-block-columns-is-layout-flex\">\n<div class=\"wp-block-column is-layout-flow wp-block-column-is-layout-flow\">\n<figure class=\"wp-block-image size-full\"><img loading=\"lazy\" decoding=\"async\" width=\"400\" height=\"400\" src=\"https:\/\/colvapor.com\/colvapor_new\/wp-content\/uploads\/2025\/10\/valve-cheque.png\" alt=\"valve cheque\" class=\"wp-image-1848\" title=\"PRODUCTOS-VALVULAS\" srcset=\"https:\/\/colvapor.com\/colvapor_new\/wp-content\/uploads\/2025\/10\/valve-cheque.png 400w, https:\/\/colvapor.com\/colvapor_new\/wp-content\/uploads\/2025\/10\/valve-cheque-300x300.png 300w, https:\/\/colvapor.com\/colvapor_new\/wp-content\/uploads\/2025\/10\/valve-cheque-150x150.png 150w, https:\/\/colvapor.com\/colvapor_new\/wp-content\/uploads\/2025\/10\/valve-cheque-100x100.png 100w\" sizes=\"auto, (max-width: 400px) 100vw, 400px\" \/><\/figure>\n<\/div>\n\n\n\n<div class=\"wp-block-column is-layout-flow wp-block-column-is-layout-flow\">\n<pre class=\"wp-block-verse has-ast-global-color-5-background-color has-background has-inter-font-family\" style=\"font-size:14px\"><strong>Usos comunes<\/strong>: <br>Prevenci\u00f3n de flujo inverso.<br><br><strong>Caracter\u00edsticas:<\/strong><br><br>1. Funciona autom\u00e1ticamente sin intervenci\u00f3n externa.<br>2. Protege bombas y compresores.<br>3. Disponible en tipo columpio, bola y disco.<br>4. Bajo costo de operaci\u00f3n.<br>5. Puede instalarse en posici\u00f3n horizontal o vertical.<br><br><br><br><\/pre>\n<\/div>\n<\/div>\n\n\n\n<pre class=\"wp-block-verse has-ast-global-color-5-background-color has-background has-inter-font-family\" style=\"font-size:14px\"><strong>VARIACIONES<\/strong><br><br>Columpio (Swing Check) - Disco gira como una puerta.<br>Bola (Ball Check) - Bola que se mueve con el flujo.<br>Disco (Wafer Check) - Compacta, se instala entre bridas.<br>Pist\u00f3n (Piston Check) - Precisa para alta presi\u00f3n.<br>Doble Disco (Dual Plate) - Dise\u00f1o ligero y eficiente para grandes di\u00e1metros.<\/pre>\n<\/div>\n\n\n\n<div class=\"wp-block-column has-border-color has-ast-global-color-7-border-color is-layout-flow wp-block-column-is-layout-flow\" style=\"border-width:1px;padding-top:var(--wp--preset--spacing--20);padding-right:var(--wp--preset--spacing--20);padding-bottom:var(--wp--preset--spacing--20);padding-left:var(--wp--preset--spacing--20)\">\n<pre class=\"wp-block-verse has-text-align-center\" style=\"border-width:1px\"><strong>V\u00c1LVULA DE GLOBO<\/strong><br>GLOBE VALVE<\/pre>\n\n\n\n<div class=\"wp-block-columns is-layout-flex wp-container-core-columns-is-layout-28f84493 wp-block-columns-is-layout-flex\">\n<div class=\"wp-block-column is-layout-flow wp-block-column-is-layout-flow\">\n<figure class=\"wp-block-image size-full\"><img loading=\"lazy\" decoding=\"async\" width=\"400\" height=\"400\" src=\"https:\/\/colvapor.com\/colvapor_new\/wp-content\/uploads\/2025\/10\/valve-globo.png\" alt=\"valve globo\" class=\"wp-image-1852\" title=\"PRODUCTOS-VALVULAS\" srcset=\"https:\/\/colvapor.com\/colvapor_new\/wp-content\/uploads\/2025\/10\/valve-globo.png 400w, https:\/\/colvapor.com\/colvapor_new\/wp-content\/uploads\/2025\/10\/valve-globo-300x300.png 300w, https:\/\/colvapor.com\/colvapor_new\/wp-content\/uploads\/2025\/10\/valve-globo-150x150.png 150w, https:\/\/colvapor.com\/colvapor_new\/wp-content\/uploads\/2025\/10\/valve-globo-100x100.png 100w\" sizes=\"auto, (max-width: 400px) 100vw, 400px\" \/><\/figure>\n<\/div>\n\n\n\n<div class=\"wp-block-column is-layout-flow wp-block-column-is-layout-flow\">\n<pre class=\"wp-block-verse has-ast-global-color-5-background-color has-background has-inter-font-family\" style=\"font-size:14px\"><strong>Usos comunes<\/strong>: <br>Regulaci\u00f3n de flujo en procesos industriales.<br><br><strong>Caracter\u00edsticas:<\/strong><br><br>1. Precisa para controlar el caudal.<br>2. Mayor ca\u00edda de presi\u00f3n que otras v\u00e1lvulas.<br>3. Dise\u00f1o interno que permite regulaci\u00f3n fina.<br>4. F\u00e1cil mantenimiento del asiento y disco.<br>5. No recomendada para apertura\/cierre r\u00e1pido.<\/pre>\n<\/div>\n<\/div>\n\n\n\n<pre class=\"wp-block-verse has-ast-global-color-5-background-color has-background has-inter-font-family\" style=\"font-size:14px\"><strong>VARIACIONES<\/strong><br><br><br>Tipo \u00c1ngulo (Angle Type) - Entrada y salida en \u00e1ngulo de 90\u00b0.<br>Tipo Z (Standard Pattern) - Flujo en forma de \u201cZ\u201d, buena para regulaci\u00f3n.<br>Tipo Y (Y-Pattern) - Menor p\u00e9rdida de carga, m\u00e1s eficiente.<br>Tipo Asiento Inclinado - Mejora el control de flujo y reduce turbulencias.<\/pre>\n<\/div>\n<\/div>\n\n\n\n<div class=\"wp-block-columns is-layout-flex wp-container-core-columns-is-layout-a9a6eddd wp-block-columns-is-layout-flex\" style=\"padding-top:4px;padding-right:4px;padding-bottom:4px;padding-left:4px\">\n<div class=\"wp-block-column has-border-color has-ast-global-color-7-border-color is-layout-flow wp-block-column-is-layout-flow\" style=\"border-width:1px;padding-top:var(--wp--preset--spacing--20);padding-right:var(--wp--preset--spacing--20);padding-bottom:var(--wp--preset--spacing--20);padding-left:var(--wp--preset--spacing--20)\">\n<pre class=\"wp-block-verse has-text-align-center\" style=\"border-width:1px\"><strong>V\u00c1LVULA DE MARIPOSA<\/strong><br>BUTTERFLY VALVE<\/pre>\n\n\n\n<div class=\"wp-block-columns is-layout-flex wp-container-core-columns-is-layout-28f84493 wp-block-columns-is-layout-flex\">\n<div class=\"wp-block-column is-layout-flow wp-block-column-is-layout-flow\">\n<figure class=\"wp-block-image size-full\"><img loading=\"lazy\" decoding=\"async\" width=\"400\" height=\"400\" src=\"https:\/\/colvapor.com\/colvapor_new\/wp-content\/uploads\/2025\/10\/valve-mariposa.png\" alt=\"valve mariposa\" class=\"wp-image-1857\" title=\"PRODUCTOS-VALVULAS\" srcset=\"https:\/\/colvapor.com\/colvapor_new\/wp-content\/uploads\/2025\/10\/valve-mariposa.png 400w, https:\/\/colvapor.com\/colvapor_new\/wp-content\/uploads\/2025\/10\/valve-mariposa-300x300.png 300w, https:\/\/colvapor.com\/colvapor_new\/wp-content\/uploads\/2025\/10\/valve-mariposa-150x150.png 150w, https:\/\/colvapor.com\/colvapor_new\/wp-content\/uploads\/2025\/10\/valve-mariposa-100x100.png 100w\" sizes=\"auto, (max-width: 400px) 100vw, 400px\" \/><\/figure>\n<\/div>\n\n\n\n<div class=\"wp-block-column is-layout-flow wp-block-column-is-layout-flow\">\n<pre class=\"wp-block-verse has-ast-global-color-5-background-color has-background has-inter-font-family\" style=\"font-size:14px\"><strong>Usos comunes<\/strong>: <br>Grandes di\u00e1metros y sistemas de baja presi\u00f3n.<br><br><strong>Caracter\u00edsticas:<\/strong><br><br>1. Ligera y compacta.<br>2. Operaci\u00f3n r\u00e1pida (\u00bc de vuelta).<br>3. Buena para aplicaciones de baja presi\u00f3n.<br>4. Menor costo comparado con otras v\u00e1lvulas.<br>5. No ideal para sellado herm\u00e9tico en alta presi\u00f3n.<br><br><br><br><\/pre>\n<\/div>\n<\/div>\n\n\n\n<pre class=\"wp-block-verse has-ast-global-color-5-background-color has-background has-inter-font-family\" style=\"font-size:14px\"><strong>VARIACIONES<\/strong><br><br>Tipo Conc\u00e9ntrica (Centric) - Disco centrado, para baja presi\u00f3n.<br>Tipo Exc\u00e9ntrica (Double\/Triple Offset) -Mejor sellado, adecuada para alta presi\u00f3n y temperatura.<br>Tipo Galleta (Wafer) - Se instala entre bridas, ligera y econ\u00f3mica.<br>Tipo Lug - Permite desmontar una l\u00ednea sin afectar la otra.<\/pre>\n<\/div>\n\n\n\n<div class=\"wp-block-column is-layout-flow wp-block-column-is-layout-flow\" style=\"border-style:none;border-width:0px;padding-top:var(--wp--preset--spacing--20);padding-right:var(--wp--preset--spacing--20);padding-bottom:var(--wp--preset--spacing--20);padding-left:var(--wp--preset--spacing--20)\"><\/div>\n<\/div>\n\n\n\n<p><\/p>\n","protected":false},"excerpt":{"rendered":"<p>V\u00c1LVULA DE BOLABALL VALVE Usos comunes: Sistemas que requieren apertura\/cierre r\u00e1pido.Caracter\u00edsticas:1. Operaci\u00f3n r\u00e1pida (\u00bc de vuelta).2. Excelente sellado incluso en [&hellip;]<\/p>\n","protected":false},"author":1,"featured_media":0,"parent":11,"menu_order":0,"comment_status":"closed","ping_status":"closed","template":"","meta":{"site-sidebar-layout":"default","site-content-layout":"","ast-site-content-layout":"normal-width-container","site-content-style":"default","site-sidebar-style":"default","ast-global-header-display":"","ast-banner-title-visibility":"","ast-main-header-display":"","ast-hfb-above-header-display":"","ast-hfb-below-header-display":"","ast-hfb-mobile-header-display":"","site-post-title":"disabled","ast-breadcrumbs-content":"","ast-featured-img":"","footer-sml-layout":"","ast-disable-related-posts":"","theme-transparent-header-meta":"disabled","adv-header-id-meta":"","stick-header-meta":"","header-above-stick-meta":"","header-main-stick-meta":"","header-below-stick-meta":"","astra-migrate-meta-layouts":"default","ast-page-background-enabled":"default","ast-page-background-meta":{"desktop":{"background-color":"var(--ast-global-color-5)","background-image":"","background-repeat":"repeat","background-position":"center center","background-size":"auto","background-attachment":"scroll","background-type":"","background-media":"","overlay-type":"","overlay-color":"","overlay-opacity":"","overlay-gradient":""},"tablet":{"background-color":"","background-image":"","background-repeat":"repeat","background-position":"center center","background-size":"auto","background-attachment":"scroll","background-type":"","background-media":"","overlay-type":"","overlay-color":"","overlay-opacity":"","overlay-gradient":""},"mobile":{"background-color":"","background-image":"","background-repeat":"repeat","background-position":"center center","background-size":"auto","background-attachment":"scroll","background-type":"","background-media":"","overlay-type":"","overlay-color":"","overlay-opacity":"","overlay-gradient":""}},"ast-content-background-meta":{"desktop":{"background-color":"var(--ast-global-color-4)","background-image":"","background-repeat":"repeat","background-position":"center center","background-size":"auto","background-attachment":"scroll","background-type":"","background-media":"","overlay-type":"","overlay-color":"","overlay-opacity":"","overlay-gradient":""},"tablet":{"background-color":"var(--ast-global-color-4)","background-image":"","background-repeat":"repeat","background-position":"center center","background-size":"auto","background-attachment":"scroll","background-type":"","background-media":"","overlay-type":"","overlay-color":"","overlay-opacity":"","overlay-gradient":""},"mobile":{"background-color":"var(--ast-global-color-4)","background-image":"","background-repeat":"repeat","background-position":"center center","background-size":"auto","background-attachment":"scroll","background-type":"","background-media":"","overlay-type":"","overlay-color":"","overlay-opacity":"","overlay-gradient":""}},"_joinchat":[],"footnotes":""},"class_list":["post-1902","page","type-page","status-publish","hentry"],"_links":{"self":[{"href":"https:\/\/colvapor.com\/colvapor_new\/wp-json\/wp\/v2\/pages\/1902","targetHints":{"allow":["GET"]}}],"collection":[{"href":"https:\/\/colvapor.com\/colvapor_new\/wp-json\/wp\/v2\/pages"}],"about":[{"href":"https:\/\/colvapor.com\/colvapor_new\/wp-json\/wp\/v2\/types\/page"}],"author":[{"embeddable":true,"href":"https:\/\/colvapor.com\/colvapor_new\/wp-json\/wp\/v2\/users\/1"}],"replies":[{"embeddable":true,"href":"https:\/\/colvapor.com\/colvapor_new\/wp-json\/wp\/v2\/comments?post=1902"}],"version-history":[{"count":16,"href":"https:\/\/colvapor.com\/colvapor_new\/wp-json\/wp\/v2\/pages\/1902\/revisions"}],"predecessor-version":[{"id":2061,"href":"https:\/\/colvapor.com\/colvapor_new\/wp-json\/wp\/v2\/pages\/1902\/revisions\/2061"}],"up":[{"embeddable":true,"href":"https:\/\/colvapor.com\/colvapor_new\/wp-json\/wp\/v2\/pages\/11"}],"wp:attachment":[{"href":"https:\/\/colvapor.com\/colvapor_new\/wp-json\/wp\/v2\/media?parent=1902"}],"curies":[{"name":"wp","href":"https:\/\/api.w.org\/{rel}","templated":true}]}}