{"id":1284,"date":"2025-07-30T16:43:20","date_gmt":"2025-07-30T21:43:20","guid":{"rendered":"http:\/\/localhost:8080\/colvapor_web\/?page_id=1284"},"modified":"2025-10-23T18:05:40","modified_gmt":"2025-10-23T23:05:40","slug":"elementor-pagina-1284","status":"publish","type":"page","link":"https:\/\/colvapor.com\/colvapor_new\/elementor-pagina-1284\/","title":{"rendered":"CADENA DE SUMINISTRO"},"content":{"rendered":"\n<div class=\"wp-block-group alignfull is-layout-constrained wp-container-core-group-is-layout-e220c6fd wp-block-group-is-layout-constrained\" style=\"margin-top:0;margin-bottom:0;padding-top:calc( 0.5 * var(--wp--style--root--padding-right, var(--wp--custom--gap--horizontal)));padding-right:var(--wp--style--root--padding-right, var(--wp--custom--gap--horizontal));padding-bottom:calc( 0.5 * var(--wp--style--root--padding-right, var(--wp--custom--gap--horizontal)));padding-left:var(--wp--style--root--padding-left, var(--wp--custom--gap--horizontal))\">\n<div style=\"height:calc( 0.25 * var(--wp--style--root--padding-right, var(--wp--custom--gap--horizontal)))\" aria-hidden=\"true\" class=\"wp-block-spacer\"><\/div>\n\n\n\n<div class=\"wp-block-columns alignwide are-vertically-aligned-center is-layout-flex wp-container-core-columns-is-layout-cbe57604 wp-block-columns-is-layout-flex\">\n<div class=\"wp-block-column is-vertically-aligned-center is-layout-flow wp-block-column-is-layout-flow\">\n<h2 class=\"wp-block-heading\">SOLUCIONES A LA CADENA<br>DE SUMINISTRO<\/h2>\n\n\n\n<p>Nuestro servicio gestiona toda la cadena de provisi\u00f3n, log\u00edstica, almacenamiento y distribuci\u00f3n de V\u00e1lvulas, Tuber\u00edas y Accesorios para proyectos industriales, ayudando a nuestros clientes a cumplir sus objetivos.<\/p>\n\n\n\n<ul class=\"wp-block-list\">\n<li>Inventario localizado estrat\u00e9gicamente en locaciones como Bogot\u00e1 y Houston (USA)<\/li>\n\n\n\n<li>Proveedores en diferentes regiones como Asia, Europa y Estados Unidos<\/li>\n\n\n\n<li>Acuerdos de distribuci\u00f3n y representaci\u00f3n con diferentes fabricantes y distribuidores, lo cual nos permite ofrecer productos de calidad, buenos tiempos de entrega y precios competitivos<\/li>\n\n\n\n<li>Flexibilidad en los t\u00e9rminos de transporte (mar\u00edtimo, a\u00e9reo, terrestre)<\/li>\n\n\n\n<li>Flexibilidad en los t\u00e9rminos de entrega (FOB, EXW, CIF entre otros) que se ajustan a los requerimientos log\u00edsticos de nuestros clientes.<\/li>\n\n\n\n<li>Oficinas y personal en Colombia y en los Estados Unidos para estar cerca de nuestros clientes, fabricantes y distribuidores.<\/li>\n<\/ul>\n<\/div>\n\n\n\n<div class=\"wp-block-column is-vertically-aligned-center is-layout-flow wp-block-column-is-layout-flow\">\n<figure class=\"wp-block-image size-full is-resized has-custom-border is-style-rounded\" style=\"margin-top:0;margin-right:0;margin-bottom:0;margin-left:0\"><img loading=\"lazy\" decoding=\"async\" width=\"2560\" height=\"1709\" src=\"https:\/\/colvapor.com\/colvapor_new\/wp-content\/uploads\/2025\/10\/cadena_suministro-scaled.jpg\" alt=\"cadena suministro\" class=\"wp-image-2080\" style=\"border-style:none;border-width:0px;border-radius:0em;object-fit:contain;width:800px;height:800px\" title=\"CADENA DE SUMINISTRO\" srcset=\"https:\/\/colvapor.com\/colvapor_new\/wp-content\/uploads\/2025\/10\/cadena_suministro-scaled.jpg 2560w, https:\/\/colvapor.com\/colvapor_new\/wp-content\/uploads\/2025\/10\/cadena_suministro-300x200.jpg 300w, https:\/\/colvapor.com\/colvapor_new\/wp-content\/uploads\/2025\/10\/cadena_suministro-1024x684.jpg 1024w, https:\/\/colvapor.com\/colvapor_new\/wp-content\/uploads\/2025\/10\/cadena_suministro-768x513.jpg 768w, https:\/\/colvapor.com\/colvapor_new\/wp-content\/uploads\/2025\/10\/cadena_suministro-1536x1025.jpg 1536w, https:\/\/colvapor.com\/colvapor_new\/wp-content\/uploads\/2025\/10\/cadena_suministro-2048x1367.jpg 2048w, https:\/\/colvapor.com\/colvapor_new\/wp-content\/uploads\/2025\/10\/cadena_suministro-600x401.jpg 600w\" sizes=\"auto, (max-width: 2560px) 100vw, 2560px\" \/><\/figure>\n<\/div>\n<\/div>\n\n\n\n<div style=\"height:calc( 0.25 * var(--wp--style--root--padding-right, var(--wp--custom--gap--horizontal)))\" aria-hidden=\"true\" class=\"wp-block-spacer\"><\/div>\n<\/div>\n\n\n\n<p><\/p>\n","protected":false},"excerpt":{"rendered":"<p>SOLUCIONES A LA CADENADE SUMINISTRO Nuestro servicio gestiona toda la cadena de provisi\u00f3n, log\u00edstica, almacenamiento y distribuci\u00f3n de V\u00e1lvulas, Tuber\u00edas [&hellip;]<\/p>\n","protected":false},"author":1,"featured_media":0,"parent":0,"menu_order":0,"comment_status":"closed","ping_status":"closed","template":"","meta":{"site-sidebar-layout":"no-sidebar","site-content-layout":"page-builder","ast-site-content-layout":"full-width-container","site-content-style":"default","site-sidebar-style":"default","ast-global-header-display":"","ast-banner-title-visibility":"","ast-main-header-display":"","ast-hfb-above-header-display":"","ast-hfb-below-header-display":"","ast-hfb-mobile-header-display":"","site-post-title":"disabled","ast-breadcrumbs-content":"","ast-featured-img":"disabled","footer-sml-layout":"","ast-disable-related-posts":"","theme-transparent-header-meta":"","adv-header-id-meta":"","stick-header-meta":"","header-above-stick-meta":"","header-main-stick-meta":"","header-below-stick-meta":"","astra-migrate-meta-layouts":"default","ast-page-background-enabled":"default","ast-page-background-meta":{"desktop":{"background-color":"var(--ast-global-color-5)","background-image":"","background-repeat":"repeat","background-position":"center center","background-size":"auto","background-attachment":"scroll","background-type":"","background-media":"","overlay-type":"","overlay-color":"","overlay-opacity":"","overlay-gradient":""},"tablet":{"background-color":"","background-image":"","background-repeat":"repeat","background-position":"center center","background-size":"auto","background-attachment":"scroll","background-type":"","background-media":"","overlay-type":"","overlay-color":"","overlay-opacity":"","overlay-gradient":""},"mobile":{"background-color":"","background-image":"","background-repeat":"repeat","background-position":"center center","background-size":"auto","background-attachment":"scroll","background-type":"","background-media":"","overlay-type":"","overlay-color":"","overlay-opacity":"","overlay-gradient":""}},"ast-content-background-meta":{"desktop":{"background-color":"var(--ast-global-color-4)","background-image":"","background-repeat":"repeat","background-position":"center center","background-size":"auto","background-attachment":"scroll","background-type":"","background-media":"","overlay-type":"","overlay-color":"","overlay-opacity":"","overlay-gradient":""},"tablet":{"background-color":"var(--ast-global-color-4)","background-image":"","background-repeat":"repeat","background-position":"center center","background-size":"auto","background-attachment":"scroll","background-type":"","background-media":"","overlay-type":"","overlay-color":"","overlay-opacity":"","overlay-gradient":""},"mobile":{"background-color":"var(--ast-global-color-4)","background-image":"","background-repeat":"repeat","background-position":"center center","background-size":"auto","background-attachment":"scroll","background-type":"","background-media":"","overlay-type":"","overlay-color":"","overlay-opacity":"","overlay-gradient":""}},"_joinchat":[],"footnotes":""},"class_list":["post-1284","page","type-page","status-publish","hentry"],"_links":{"self":[{"href":"https:\/\/colvapor.com\/colvapor_new\/wp-json\/wp\/v2\/pages\/1284","targetHints":{"allow":["GET"]}}],"collection":[{"href":"https:\/\/colvapor.com\/colvapor_new\/wp-json\/wp\/v2\/pages"}],"about":[{"href":"https:\/\/colvapor.com\/colvapor_new\/wp-json\/wp\/v2\/types\/page"}],"author":[{"embeddable":true,"href":"https:\/\/colvapor.com\/colvapor_new\/wp-json\/wp\/v2\/users\/1"}],"replies":[{"embeddable":true,"href":"https:\/\/colvapor.com\/colvapor_new\/wp-json\/wp\/v2\/comments?post=1284"}],"version-history":[{"count":16,"href":"https:\/\/colvapor.com\/colvapor_new\/wp-json\/wp\/v2\/pages\/1284\/revisions"}],"predecessor-version":[{"id":2086,"href":"https:\/\/colvapor.com\/colvapor_new\/wp-json\/wp\/v2\/pages\/1284\/revisions\/2086"}],"wp:attachment":[{"href":"https:\/\/colvapor.com\/colvapor_new\/wp-json\/wp\/v2\/media?parent=1284"}],"curies":[{"name":"wp","href":"https:\/\/api.w.org\/{rel}","templated":true}]}}